{"id":752,"date":"2024-06-07T22:44:35","date_gmt":"2024-06-07T15:44:35","guid":{"rendered":"https:\/\/golacviet.com\/?page_id=752"},"modified":"2024-06-16T22:41:55","modified_gmt":"2024-06-16T15:41:55","slug":"trang-chu","status":"publish","type":"page","link":"https:\/\/golacviet.com\/","title":{"rendered":"G\u1ed7 Ngh\u1ec7 Thu\u1eadt L\u1ea0C VI\u1ec6T"},"content":{"rendered":"\n\n\n\n\n<div class=\"wp-block-query is-layout-flow wp-block-query-is-layout-flow\"><ul class=\"wp-block-post-template is-layout-flow wp-block-post-template-is-layout-flow\"><li class=\"wp-block-post post-119 post type-post status-publish format-standard has-post-thumbnail hentry category-den-hon-quang tag-food entry has-media\">\n<h1 style=\"font-style:italic;font-weight:600;\" class=\"has-text-align-center wp-block-post-title has-medium-font-size\"><a href=\"https:\/\/golacviet.com\/?p=119\" target=\"_self\" >\u0110\u00e8n H\u1ed3n Qu\u1ea3ng<\/a><\/h1>\n\n<figure style=\"width:80%;height:80%;\" class=\"aligncenter wp-block-post-featured-image\"><a href=\"https:\/\/golacviet.com\/?p=119\" target=\"_self\"  style=\"height:80%\"><img loading=\"lazy\" decoding=\"async\" width=\"2415\" height=\"2555\" src=\"https:\/\/golacviet.com\/wp-content\/uploads\/2024\/06\/IMG_20240614_194037-1.jpg\" class=\"attachment-post-thumbnail size-post-thumbnail wp-post-image\" alt=\"\u0110\u00e8n H\u1ed3n Qu\u1ea3ng\" style=\"height:80%;object-fit:cover;\" srcset=\"https:\/\/golacviet.com\/wp-content\/uploads\/2024\/06\/IMG_20240614_194037-1.jpg 2415w, https:\/\/golacviet.com\/wp-content\/uploads\/2024\/06\/IMG_20240614_194037-1-284x300.jpg 284w, https:\/\/golacviet.com\/wp-content\/uploads\/2024\/06\/IMG_20240614_194037-1-968x1024.jpg 968w, https:\/\/golacviet.com\/wp-content\/uploads\/2024\/06\/IMG_20240614_194037-1-768x813.jpg 768w, https:\/\/golacviet.com\/wp-content\/uploads\/2024\/06\/IMG_20240614_194037-1-1452x1536.jpg 1452w, https:\/\/golacviet.com\/wp-content\/uploads\/2024\/06\/IMG_20240614_194037-1-1936x2048.jpg 1936w\" sizes=\"auto, (max-width: 2415px) 100vw, 2415px\" \/><\/a><\/figure>\n\n\n<div style=\"height:19px\" aria-hidden=\"true\" class=\"wp-block-spacer\"><\/div>\n\n\n<div class=\"wp-block-post-excerpt\"><p class=\"wp-block-post-excerpt__excerpt\">C\u1ea3m h\u1ee9ng s\u00e1ng t\u1ea1o Qu\u1ea3ng Nam, v\u00f9ng \u0111\u1ea5t gi\u00e0u di s\u1ea3n, n\u01a1i gi\u1eef g\u00ecn v\u00e0 ph\u00e1t huy tr\u1ecdn v\u1eb9n nh\u1ea5t nh\u1eefng gi\u00e1 tr\u1ecb tinh hoa v\u0103n h\u00f3a Vi\u1ec7t; n\u01a1i \u0111\u01b0\u1ee3c thi\u00ean nhi\u00ean \u01b0u \u00e1i, s\u01a1n th\u1ee7y h\u1eefu t\u00ecnh,&#8230; L\u00e0 v\u00f9ng \u0111\u1ea5t \u201ctrung d\u0169ng ki\u00ean c\u01b0\u1eddng \u201d, qu\u00ea h\u01b0\u01a1ng c\u1ee7a bao t\u00e0i danh h\u00e0o ki\u1ec7t,\u2026&nbsp; Ng\u01b0\u1eddi&hellip; <\/p><\/div>\n\n\n<hr class=\"wp-block-separator has-css-opacity is-style-wide\"\/>\n\n<\/li><li class=\"wp-block-post post-1009 post type-post status-publish format-standard has-post-thumbnail hentry category-uncategorized entry has-media\">\n<h1 style=\"font-style:italic;font-weight:600;\" class=\"has-text-align-center wp-block-post-title has-medium-font-size\"><a href=\"https:\/\/golacviet.com\/?p=1009\" target=\"_self\" >\u0110\u0129a H\u1ed9i An chi\u1ec1u thu<\/a><\/h1>\n\n<figure style=\"width:80%;height:80%;\" class=\"aligncenter wp-block-post-featured-image\"><a href=\"https:\/\/golacviet.com\/?p=1009\" target=\"_self\"  style=\"height:80%\"><img loading=\"lazy\" decoding=\"async\" width=\"956\" height=\"1276\" src=\"https:\/\/golacviet.com\/wp-content\/uploads\/2025\/05\/z6556472753653_3461351a3139bbba2406ee80ed1f1513.jpg\" class=\"attachment-post-thumbnail size-post-thumbnail wp-post-image\" alt=\"\u0110\u0129a H\u1ed9i An chi\u1ec1u thu\" style=\"height:80%;object-fit:cover;\" srcset=\"https:\/\/golacviet.com\/wp-content\/uploads\/2025\/05\/z6556472753653_3461351a3139bbba2406ee80ed1f1513.jpg 956w, https:\/\/golacviet.com\/wp-content\/uploads\/2025\/05\/z6556472753653_3461351a3139bbba2406ee80ed1f1513-225x300.jpg 225w, https:\/\/golacviet.com\/wp-content\/uploads\/2025\/05\/z6556472753653_3461351a3139bbba2406ee80ed1f1513-767x1024.jpg 767w, https:\/\/golacviet.com\/wp-content\/uploads\/2025\/05\/z6556472753653_3461351a3139bbba2406ee80ed1f1513-768x1025.jpg 768w\" sizes=\"auto, (max-width: 956px) 100vw, 956px\" \/><\/a><\/figure>\n\n\n<div style=\"height:19px\" aria-hidden=\"true\" class=\"wp-block-spacer\"><\/div>\n\n\n<div class=\"wp-block-post-excerpt\"><p class=\"wp-block-post-excerpt__excerpt\">C\u1ea3m h\u1ee9ng ki\u1ebfn t\u1ea1o T\u00e1c ph\u1ea9m ch\u1ea1m tr\u1ed5 g\u1ed7 \u0111\u1ea7y tinh x\u1ea3o \u201cH\u1ed9i An Chi\u1ec1u Thu\u201d \u0111\u1ebfn t\u1eeb C\u01a1 s\u1edf ch\u1ea1m kh\u1eafc g\u1ed7 L\u1ea1c Vi\u1ec7t kh\u00f4ng \u0111\u01a1n thu\u1ea7n l\u00e0 m\u1ed9t v\u1eadt ph\u1ea9m m\u1ef9 ngh\u1ec7. \u0110\u00f3 l\u00e0 m\u1ed9t kh\u00fac nh\u1ea1c tr\u1ea7m vang l\u00ean t\u1eeb nh\u1eefng th\u1edb g\u1ed7, k\u1ec3 l\u1ea1i c\u00e2u chuy\u1ec7n h\u00e0ng tr\u0103m n\u0103m c\u1ee7a ph\u1ed1&hellip; <\/p><\/div>\n\n\n<hr class=\"wp-block-separator has-css-opacity is-style-wide\"\/>\n\n<\/li><li class=\"wp-block-post post-977 post type-post status-publish format-standard has-post-thumbnail hentry category-tuong-go entry has-media\">\n<h1 style=\"font-style:italic;font-weight:600;\" class=\"has-text-align-center wp-block-post-title has-medium-font-size\"><a href=\"https:\/\/golacviet.com\/?p=977\" target=\"_self\" >TI\u00caU CHU\u1ea8N C\u01a0 S\u1ede \u0110\u00c8N H\u1ed2N QU\u1ea2NG<\/a><\/h1>\n\n<figure style=\"width:80%;height:80%;\" class=\"aligncenter wp-block-post-featured-image\"><a href=\"https:\/\/golacviet.com\/?p=977\" target=\"_self\"  style=\"height:80%\"><img loading=\"lazy\" decoding=\"async\" width=\"643\" height=\"960\" src=\"https:\/\/golacviet.com\/wp-content\/uploads\/2024\/11\/screenshot-1730729435196.png\" class=\"attachment-post-thumbnail size-post-thumbnail wp-post-image\" alt=\"TI\u00caU CHU\u1ea8N C\u01a0 S\u1ede \u0110\u00c8N H\u1ed2N QU\u1ea2NG\" style=\"height:80%;object-fit:cover;\" srcset=\"https:\/\/golacviet.com\/wp-content\/uploads\/2024\/11\/screenshot-1730729435196.png 643w, https:\/\/golacviet.com\/wp-content\/uploads\/2024\/11\/screenshot-1730729435196-201x300.png 201w\" sizes=\"auto, (max-width: 643px) 100vw, 643px\" \/><\/a><\/figure>\n\n\n<div style=\"height:19px\" aria-hidden=\"true\" class=\"wp-block-spacer\"><\/div>\n\n\n<div class=\"wp-block-post-excerpt\"><p class=\"wp-block-post-excerpt__excerpt\">Ban h\u00e0nh Ti\u00eau chu\u1ea9n c\u01a1 s\u1edf cho s\u1ea3n ph\u1ea9m \u0110\u00e8n H\u1ed3n Qu\u1ea3ng \u0111\u01b0\u1ee3c s\u1ea3nxu\u1ea5t t\u1ea1i HKD L\u00ca TI\u1ebeN V\u1ef8 <\/p><\/div>\n\n\n<hr class=\"wp-block-separator has-css-opacity is-style-wide\"\/>\n\n<\/li><li class=\"wp-block-post post-127 post type-post status-publish format-standard has-post-thumbnail hentry category-tranh-go tag-lifestyle entry has-media\">\n<h1 style=\"font-style:italic;font-weight:600;\" class=\"has-text-align-center wp-block-post-title has-medium-font-size\"><a href=\"https:\/\/golacviet.com\/?p=127\" target=\"_self\" >Tranh Vinh Quy B\u00e1i T\u1ed5<\/a><\/h1>\n\n<figure style=\"width:80%;height:80%;\" class=\"aligncenter wp-block-post-featured-image\"><a href=\"https:\/\/golacviet.com\/?p=127\" target=\"_self\"  style=\"height:80%\"><img loading=\"lazy\" decoding=\"async\" width=\"2560\" height=\"1369\" src=\"https:\/\/golacviet.com\/wp-content\/uploads\/2024\/06\/z5517348209568_4a7de31af83c77ae0037af2c70797e1a-scaled.jpg\" class=\"attachment-post-thumbnail size-post-thumbnail wp-post-image\" alt=\"Tranh Vinh Quy B\u00e1i T\u1ed5\" style=\"height:80%;object-fit:cover;\" srcset=\"https:\/\/golacviet.com\/wp-content\/uploads\/2024\/06\/z5517348209568_4a7de31af83c77ae0037af2c70797e1a-scaled.jpg 2560w, https:\/\/golacviet.com\/wp-content\/uploads\/2024\/06\/z5517348209568_4a7de31af83c77ae0037af2c70797e1a-300x160.jpg 300w, https:\/\/golacviet.com\/wp-content\/uploads\/2024\/06\/z5517348209568_4a7de31af83c77ae0037af2c70797e1a-1024x547.jpg 1024w, https:\/\/golacviet.com\/wp-content\/uploads\/2024\/06\/z5517348209568_4a7de31af83c77ae0037af2c70797e1a-768x411.jpg 768w, https:\/\/golacviet.com\/wp-content\/uploads\/2024\/06\/z5517348209568_4a7de31af83c77ae0037af2c70797e1a-1536x821.jpg 1536w, https:\/\/golacviet.com\/wp-content\/uploads\/2024\/06\/z5517348209568_4a7de31af83c77ae0037af2c70797e1a-2048x1095.jpg 2048w\" sizes=\"auto, (max-width: 2560px) 100vw, 2560px\" \/><\/a><\/figure>\n\n\n<div style=\"height:19px\" aria-hidden=\"true\" class=\"wp-block-spacer\"><\/div>\n\n\n<div class=\"wp-block-post-excerpt\"><p class=\"wp-block-post-excerpt__excerpt\">Bi\u1ec3u t\u01b0\u1ee3ng c\u1ee7a truy\u1ec1n th\u1ed1ng hi\u1ebfu h\u1ecdc v\u00e0 l\u00f2ng bi\u1ebft \u01a1n Vinh Quy B\u00e1i T\u1ed5 l\u00e0 m\u1ed9t lo\u1ea1i tranh \u0111i\u00eau kh\u1eafc g\u1ed7 truy\u1ec1n th\u1ed1ng n\u1ed5i ti\u1ebfng t\u1ea1i Vi\u1ec7t Nam, th\u1ec3 hi\u1ec7n h\u00ecnh \u1ea3nh \u0111o\u00e0n r\u01b0\u1edbc quan tr\u1ea1ng \u0111\u1ed7 \u0111\u1ea1t vinh quang v\u1ec1 qu\u00ea b\u00e1o hi\u1ebfu t\u1ed5 ti\u00ean. B\u1ee9c tranh kh\u00f4ng ch\u1ec9 mang gi\u00e1 tr\u1ecb ngh\u1ec7&hellip; <\/p><\/div>\n\n\n<hr class=\"wp-block-separator has-css-opacity is-style-wide\"\/>\n\n<\/li><\/ul><\/div>\n\n\n\n<figure class=\"wp-block-gallery has-nested-images columns-default is-cropped wp-block-gallery-1 is-layout-flex wp-block-gallery-is-layout-flex\">\n<figure class=\"wp-block-image size-large\"><img loading=\"lazy\" decoding=\"async\" width=\"775\" height=\"1024\" data-id=\"767\" src=\"https:\/\/golacviet.com\/wp-content\/uploads\/2024\/06\/z5517352786343_71011573a7b49dc9041db9f43f9d2d91-775x1024.jpg\" alt=\"\" class=\"wp-image-767\" srcset=\"https:\/\/golacviet.com\/wp-content\/uploads\/2024\/06\/z5517352786343_71011573a7b49dc9041db9f43f9d2d91-775x1024.jpg 775w, https:\/\/golacviet.com\/wp-content\/uploads\/2024\/06\/z5517352786343_71011573a7b49dc9041db9f43f9d2d91-227x300.jpg 227w, https:\/\/golacviet.com\/wp-content\/uploads\/2024\/06\/z5517352786343_71011573a7b49dc9041db9f43f9d2d91-768x1015.jpg 768w, https:\/\/golacviet.com\/wp-content\/uploads\/2024\/06\/z5517352786343_71011573a7b49dc9041db9f43f9d2d91-1163x1536.jpg 1163w, https:\/\/golacviet.com\/wp-content\/uploads\/2024\/06\/z5517352786343_71011573a7b49dc9041db9f43f9d2d91.jpg 1242w\" sizes=\"auto, (max-width: 775px) 100vw, 775px\" \/><\/figure>\n\n\n\n<figure class=\"wp-block-image size-large\"><img loading=\"lazy\" decoding=\"async\" width=\"1024\" height=\"587\" data-id=\"835\" src=\"https:\/\/golacviet.com\/wp-content\/uploads\/2024\/06\/z5520493572282_f3bdf3da3fb2989f28baf39982462d5e-1024x587.jpg\" alt=\"\" class=\"wp-image-835\" srcset=\"https:\/\/golacviet.com\/wp-content\/uploads\/2024\/06\/z5520493572282_f3bdf3da3fb2989f28baf39982462d5e-1024x587.jpg 1024w, https:\/\/golacviet.com\/wp-content\/uploads\/2024\/06\/z5520493572282_f3bdf3da3fb2989f28baf39982462d5e-300x172.jpg 300w, https:\/\/golacviet.com\/wp-content\/uploads\/2024\/06\/z5520493572282_f3bdf3da3fb2989f28baf39982462d5e-768x440.jpg 768w, https:\/\/golacviet.com\/wp-content\/uploads\/2024\/06\/z5520493572282_f3bdf3da3fb2989f28baf39982462d5e-1536x880.jpg 1536w, https:\/\/golacviet.com\/wp-content\/uploads\/2024\/06\/z5520493572282_f3bdf3da3fb2989f28baf39982462d5e.jpg 2048w\" sizes=\"auto, (max-width: 1024px) 100vw, 1024px\" \/><\/figure>\n\n\n\n<figure class=\"wp-block-image size-large\"><img loading=\"lazy\" decoding=\"async\" width=\"1024\" height=\"534\" data-id=\"837\" src=\"https:\/\/golacviet.com\/wp-content\/uploads\/2024\/06\/z5520493587294_ca045f3ded471823ef06195138678103-1024x534.jpg\" alt=\"\" class=\"wp-image-837\" srcset=\"https:\/\/golacviet.com\/wp-content\/uploads\/2024\/06\/z5520493587294_ca045f3ded471823ef06195138678103-1024x534.jpg 1024w, https:\/\/golacviet.com\/wp-content\/uploads\/2024\/06\/z5520493587294_ca045f3ded471823ef06195138678103-300x156.jpg 300w, https:\/\/golacviet.com\/wp-content\/uploads\/2024\/06\/z5520493587294_ca045f3ded471823ef06195138678103-768x400.jpg 768w, https:\/\/golacviet.com\/wp-content\/uploads\/2024\/06\/z5520493587294_ca045f3ded471823ef06195138678103-1536x800.jpg 1536w, https:\/\/golacviet.com\/wp-content\/uploads\/2024\/06\/z5520493587294_ca045f3ded471823ef06195138678103.jpg 2048w\" sizes=\"auto, (max-width: 1024px) 100vw, 1024px\" \/><\/figure>\n\n\n\n<figure class=\"wp-block-image size-large\"><img decoding=\"async\" data-id=\"770\" src=\"https:\/\/golacviet.com\/wp-content\/uploads\/2024\/06\/z5517365429523_4338a61f6b24663331c6b422449e3bea-576x1024.jpg\" alt=\"\" class=\"wp-image-770\"\/><\/figure>\n\n\n\n<figure class=\"wp-block-image size-large\"><img loading=\"lazy\" decoding=\"async\" width=\"576\" height=\"1024\" data-id=\"773\" src=\"https:\/\/golacviet.com\/wp-content\/uploads\/2024\/06\/z5517352777305_7f5cd2dd10b128f5fb40388620710ca2-576x1024.jpg\" alt=\"\" class=\"wp-image-773\" srcset=\"https:\/\/golacviet.com\/wp-content\/uploads\/2024\/06\/z5517352777305_7f5cd2dd10b128f5fb40388620710ca2-576x1024.jpg 576w, https:\/\/golacviet.com\/wp-content\/uploads\/2024\/06\/z5517352777305_7f5cd2dd10b128f5fb40388620710ca2-169x300.jpg 169w, https:\/\/golacviet.com\/wp-content\/uploads\/2024\/06\/z5517352777305_7f5cd2dd10b128f5fb40388620710ca2-768x1365.jpg 768w, https:\/\/golacviet.com\/wp-content\/uploads\/2024\/06\/z5517352777305_7f5cd2dd10b128f5fb40388620710ca2-864x1536.jpg 864w, https:\/\/golacviet.com\/wp-content\/uploads\/2024\/06\/z5517352777305_7f5cd2dd10b128f5fb40388620710ca2-1152x2048.jpg 1152w, https:\/\/golacviet.com\/wp-content\/uploads\/2024\/06\/z5517352777305_7f5cd2dd10b128f5fb40388620710ca2.jpg 1242w\" sizes=\"auto, (max-width: 576px) 100vw, 576px\" \/><\/figure>\n<\/figure>\n","protected":false},"excerpt":{"rendered":"","protected":false},"author":1,"featured_media":0,"parent":0,"menu_order":0,"comment_status":"closed","ping_status":"closed","template":"","meta":{"ocean_post_layout":"","ocean_both_sidebars_style":"","ocean_both_sidebars_content_width":0,"ocean_both_sidebars_sidebars_width":0,"ocean_sidebar":"","ocean_second_sidebar":"","ocean_disable_margins":"enable","ocean_add_body_class":"","ocean_shortcode_before_top_bar":"","ocean_shortcode_after_top_bar":"","ocean_shortcode_before_header":"","ocean_shortcode_after_header":"","ocean_has_shortcode":"","ocean_shortcode_after_title":"","ocean_shortcode_before_footer_widgets":"","ocean_shortcode_after_footer_widgets":"","ocean_shortcode_before_footer_bottom":"","ocean_shortcode_after_footer_bottom":"","ocean_display_top_bar":"default","ocean_display_header":"default","ocean_header_style":"","ocean_center_header_left_menu":"","ocean_custom_header_template":"","ocean_custom_logo":0,"ocean_custom_retina_logo":0,"ocean_custom_logo_max_width":0,"ocean_custom_logo_tablet_max_width":0,"ocean_custom_logo_mobile_max_width":0,"ocean_custom_logo_max_height":0,"ocean_custom_logo_tablet_max_height":0,"ocean_custom_logo_mobile_max_height":0,"ocean_header_custom_menu":"","ocean_menu_typo_font_family":"","ocean_menu_typo_font_subset":"","ocean_menu_typo_font_size":0,"ocean_menu_typo_font_size_tablet":0,"ocean_menu_typo_font_size_mobile":0,"ocean_menu_typo_font_size_unit":"px","ocean_menu_typo_font_weight":"","ocean_menu_typo_font_weight_tablet":"","ocean_menu_typo_font_weight_mobile":"","ocean_menu_typo_transform":"","ocean_menu_typo_transform_tablet":"","ocean_menu_typo_transform_mobile":"","ocean_menu_typo_line_height":0,"ocean_menu_typo_line_height_tablet":0,"ocean_menu_typo_line_height_mobile":0,"ocean_menu_typo_line_height_unit":"","ocean_menu_typo_spacing":0,"ocean_menu_typo_spacing_tablet":0,"ocean_menu_typo_spacing_mobile":0,"ocean_menu_typo_spacing_unit":"","ocean_menu_link_color":"","ocean_menu_link_color_hover":"","ocean_menu_link_color_active":"","ocean_menu_link_background":"","ocean_menu_link_hover_background":"","ocean_menu_link_active_background":"","ocean_menu_social_links_bg":"","ocean_menu_social_hover_links_bg":"","ocean_menu_social_links_color":"","ocean_menu_social_hover_links_color":"","ocean_disable_title":"on","ocean_disable_heading":"default","ocean_post_title":"","ocean_post_subheading":"","ocean_post_title_style":"","ocean_post_title_background_color":"","ocean_post_title_background":0,"ocean_post_title_bg_image_position":"","ocean_post_title_bg_image_attachment":"","ocean_post_title_bg_image_repeat":"","ocean_post_title_bg_image_size":"","ocean_post_title_height":0,"ocean_post_title_bg_overlay":0.5,"ocean_post_title_bg_overlay_color":"","ocean_disable_breadcrumbs":"default","ocean_breadcrumbs_color":"","ocean_breadcrumbs_separator_color":"","ocean_breadcrumbs_links_color":"","ocean_breadcrumbs_links_hover_color":"","ocean_display_footer_widgets":"default","ocean_display_footer_bottom":"default","ocean_custom_footer_template":"","footnotes":""},"class_list":["post-752","page","type-page","status-publish","hentry","entry"],"_links":{"self":[{"href":"https:\/\/golacviet.com\/index.php?rest_route=\/wp\/v2\/pages\/752","targetHints":{"allow":["GET"]}}],"collection":[{"href":"https:\/\/golacviet.com\/index.php?rest_route=\/wp\/v2\/pages"}],"about":[{"href":"https:\/\/golacviet.com\/index.php?rest_route=\/wp\/v2\/types\/page"}],"author":[{"embeddable":true,"href":"https:\/\/golacviet.com\/index.php?rest_route=\/wp\/v2\/users\/1"}],"replies":[{"embeddable":true,"href":"https:\/\/golacviet.com\/index.php?rest_route=%2Fwp%2Fv2%2Fcomments&post=752"}],"version-history":[{"count":27,"href":"https:\/\/golacviet.com\/index.php?rest_route=\/wp\/v2\/pages\/752\/revisions"}],"predecessor-version":[{"id":955,"href":"https:\/\/golacviet.com\/index.php?rest_route=\/wp\/v2\/pages\/752\/revisions\/955"}],"wp:attachment":[{"href":"https:\/\/golacviet.com\/index.php?rest_route=%2Fwp%2Fv2%2Fmedia&parent=752"}],"curies":[{"name":"wp","href":"https:\/\/api.w.org\/{rel}","templated":true}]}}