{"id":817,"date":"2024-06-08T12:32:52","date_gmt":"2024-06-08T05:32:52","guid":{"rendered":"https:\/\/golacviet.com\/?page_id=817"},"modified":"2024-06-08T21:32:22","modified_gmt":"2024-06-08T14:32:22","slug":"gioi-thieu","status":"publish","type":"page","link":"https:\/\/golacviet.com\/?page_id=817","title":{"rendered":"Gi\u1edbi Thi\u1ec7u"},"content":{"rendered":"\n<p><strong>C\u01a1 S\u1edf \u0110i\u00eau Kh\u1eafc G\u1ed7 Ngh\u1ec7 Thu\u1eadt L\u1ea1c Vi\u1ec7t<\/strong> t\u1ef1 h\u00e0o l\u00e0 m\u1ed9t trong nh\u1eefng \u0111\u01a1n v\u1ecb ti\u00ean phong trong l\u0129nh v\u1ef1c \u0111i\u00eau kh\u1eafc g\u1ed7 ngh\u1ec7 thu\u1eadt t\u1ea1i Vi\u1ec7t Nam. N\u1eb1m t\u1ea1i X\u00e3 \u0110i\u1ec7n Phong, Huy\u1ec7n \u0110i\u1ec7n B\u00e0n, T\u1ec9nh Qu\u1ea3ng Nam, L\u1ea1c Vi\u1ec7t \u0111\u00e3 kh\u1eb3ng \u0111\u1ecbnh v\u1ecb th\u1ebf c\u1ee7a m\u00ecnh qua nh\u1eefng t\u00e1c ph\u1ea9m \u0111\u1ed9c \u0111\u00e1o, mang \u0111\u1eadm d\u1ea5u \u1ea5n v\u0103n h\u00f3a v\u00e0 tinh hoa ngh\u1ec7 thu\u1eadt truy\u1ec1n th\u1ed1ng Vi\u1ec7t Nam.<\/p>\n\n\n<div class=\"wp-block-image is-style-rounded\">\n<figure class=\"aligncenter size-thumbnail\"><img loading=\"lazy\" decoding=\"async\" width=\"150\" height=\"150\" src=\"https:\/\/golacviet.com\/wp-content\/uploads\/2024\/06\/cropped-cropped-z5517325422170_aaa86a9463674dc92a62cb2db9b9fe1b-150x150.jpg\" alt=\"\" class=\"wp-image-795\" srcset=\"https:\/\/golacviet.com\/wp-content\/uploads\/2024\/06\/cropped-cropped-z5517325422170_aaa86a9463674dc92a62cb2db9b9fe1b-150x150.jpg 150w, https:\/\/golacviet.com\/wp-content\/uploads\/2024\/06\/cropped-cropped-z5517325422170_aaa86a9463674dc92a62cb2db9b9fe1b-300x300.jpg 300w, https:\/\/golacviet.com\/wp-content\/uploads\/2024\/06\/cropped-cropped-z5517325422170_aaa86a9463674dc92a62cb2db9b9fe1b-270x270.jpg 270w, https:\/\/golacviet.com\/wp-content\/uploads\/2024\/06\/cropped-cropped-z5517325422170_aaa86a9463674dc92a62cb2db9b9fe1b-192x192.jpg 192w, https:\/\/golacviet.com\/wp-content\/uploads\/2024\/06\/cropped-cropped-z5517325422170_aaa86a9463674dc92a62cb2db9b9fe1b-180x180.jpg 180w, https:\/\/golacviet.com\/wp-content\/uploads\/2024\/06\/cropped-cropped-z5517325422170_aaa86a9463674dc92a62cb2db9b9fe1b-32x32.jpg 32w, https:\/\/golacviet.com\/wp-content\/uploads\/2024\/06\/cropped-cropped-z5517325422170_aaa86a9463674dc92a62cb2db9b9fe1b.jpg 512w\" sizes=\"auto, (max-width: 150px) 100vw, 150px\" \/><\/figure>\n<\/div>\n\n\n<h3 class=\"wp-block-heading has-text-align-center\"><strong>S\u1ee9 M\u1ec7nh v\u00e0 T\u1ea7m Nh\u00ecn<\/strong><\/h3>\n\n\n\n<ul class=\"wp-block-list\">\n<li><strong>S\u1ee9 m\u1ec7nh:<\/strong> L\u1ea1c Vi\u1ec7t cam k\u1ebft gi\u1eef g\u00ecn v\u00e0 ph\u00e1t huy nh\u1eefng gi\u00e1 tr\u1ecb ngh\u1ec7 thu\u1eadt \u0111i\u00eau kh\u1eafc g\u1ed7 truy\u1ec1n th\u1ed1ng, k\u1ebft h\u1ee3p v\u1edbi s\u1ef1 s\u00e1ng t\u1ea1o v\u00e0 tinh t\u1ebf \u0111\u1ec3 mang \u0111\u1ebfn cho kh\u00e1ch h\u00e0ng nh\u1eefng s\u1ea3n ph\u1ea9m ngh\u1ec7 thu\u1eadt \u0111\u1ed9c \u0111\u00e1o v\u00e0 ch\u1ea5t l\u01b0\u1ee3ng.<\/li>\n\n\n\n<li><strong>T\u1ea7m nh\u00ecn:<\/strong> Tr\u1edf th\u00e0nh th\u01b0\u01a1ng hi\u1ec7u h\u00e0ng \u0111\u1ea7u trong l\u0129nh v\u1ef1c \u0111i\u00eau kh\u1eafc g\u1ed7 ngh\u1ec7 thu\u1eadt, kh\u00f4ng ch\u1ec9 trong n\u01b0\u1edbc m\u00e0 c\u00f2n v\u01b0\u01a1n ra th\u1ecb tr\u01b0\u1eddng qu\u1ed1c t\u1ebf, \u0111\u01b0a ngh\u1ec7 thu\u1eadt Vi\u1ec7t Nam \u0111\u1ebfn g\u1ea7n h\u01a1n v\u1edbi b\u1ea1n b\u00e8 th\u1ebf gi\u1edbi.<\/li>\n<\/ul>\n\n\n\n<h3 class=\"wp-block-heading has-text-align-center\"><strong>S\u1ea3n Ph\u1ea9m v\u00e0 D\u1ecbch V\u1ee5<\/strong><\/h3>\n\n\n\n<p>T\u1ea1i L\u1ea1c Vi\u1ec7t, ch\u00fang t\u00f4i chuy\u00ean cung c\u1ea5p c\u00e1c s\u1ea3n ph\u1ea9m \u0111i\u00eau kh\u1eafc g\u1ed7 ngh\u1ec7 thu\u1eadt bao g\u1ed3m:<\/p>\n\n\n\n<ul class=\"wp-block-list\">\n<li><strong>T\u01b0\u1ee3ng Ph\u1eadt:<\/strong> Nh\u1eefng b\u1ee9c t\u01b0\u1ee3ng Ph\u1eadt \u0111\u01b0\u1ee3c ch\u1ebf t\u00e1c tinh x\u1ea3o, mang l\u1ea1i s\u1ef1 thanh t\u1ecbnh v\u00e0 b\u00ecnh an cho kh\u00f4ng gian s\u1ed1ng.<\/li>\n\n\n\n<li><strong>\u0110\u1ed3 trang tr\u00ed n\u1ed9i th\u1ea5t:<\/strong> C\u00e1c s\u1ea3n ph\u1ea9m trang tr\u00ed nh\u01b0 b\u00ecnh phong, tranh g\u1ed7, v\u00e0 c\u00e1c v\u1eadt d\u1ee5ng gia \u0111\u00ecnh \u0111\u01b0\u1ee3c l\u00e0m t\u1eeb g\u1ed7 t\u1ef1 nhi\u00ean, v\u1eeba mang t\u00ednh th\u1ea9m m\u1ef9 cao v\u1eeba th\u00e2n thi\u1ec7n v\u1edbi m\u00f4i tr\u01b0\u1eddng.<\/li>\n\n\n\n<li><strong>T\u00e1c ph\u1ea9m ngh\u1ec7 thu\u1eadt:<\/strong> Nh\u1eefng t\u00e1c ph\u1ea9m \u0111i\u00eau kh\u1eafc \u0111\u1ed9c \u0111\u00e1o, l\u00e0 s\u1ef1 k\u1ebft h\u1ee3p ho\u00e0n h\u1ea3o gi\u1eefa ngh\u1ec7 thu\u1eadt truy\u1ec1n th\u1ed1ng v\u00e0 phong c\u00e1ch hi\u1ec7n \u0111\u1ea1i.<\/li>\n<\/ul>\n\n\n\n<h3 class=\"wp-block-heading has-text-align-center\"><strong>\u0110\u1ed9i Ng\u0169 Ngh\u1ec7 Nh\u00e2n<\/strong><\/h3>\n\n\n\n<p>L\u1ea1c Vi\u1ec7t t\u1ef1 h\u00e0o s\u1edf h\u1eefu \u0111\u1ed9i ng\u0169 ngh\u1ec7 nh\u00e2n t\u00e0i hoa, gi\u00e0u kinh nghi\u1ec7m v\u00e0 \u0111\u1ea7y t\u00e2m huy\u1ebft. M\u1ed7i t\u00e1c ph\u1ea9m c\u1ee7a ch\u00fang t\u00f4i \u0111\u1ec1u l\u00e0 k\u1ebft qu\u1ea3 c\u1ee7a qu\u00e1 tr\u00ecnh s\u00e1ng t\u1ea1o, c\u1ed1ng hi\u1ebfn kh\u00f4ng ng\u1eebng ngh\u1ec9 c\u1ee7a c\u00e1c ngh\u1ec7 nh\u00e2n, \u0111\u1ea3m b\u1ea3o mang \u0111\u1ebfn cho kh\u00e1ch h\u00e0ng nh\u1eefng s\u1ea3n ph\u1ea9m ho\u00e0n h\u1ea3o nh\u1ea5t.<\/p>\n\n\n\n<h3 class=\"wp-block-heading has-text-align-center\"><strong>Gi\u1ea3i Th\u01b0\u1edfng v\u00e0 Ch\u1ee9ng Nh\u1eadn<\/strong><\/h3>\n\n\n\n<p>Trong su\u1ed1t qu\u00e1 tr\u00ecnh ho\u1ea1t \u0111\u1ed9ng, L\u1ea1c Vi\u1ec7t \u0111\u00e3 vinh d\u1ef1 \u0111\u1ea1t \u0111\u01b0\u1ee3c nhi\u1ec1u gi\u1ea3i th\u01b0\u1edfng v\u00e0 ch\u1ee9ng nh\u1eadn quan tr\u1ecdng, kh\u1eb3ng \u0111\u1ecbnh ch\u1ea5t l\u01b0\u1ee3ng v\u00e0 uy t\u00edn c\u1ee7a m\u00ecnh trong l\u0129nh v\u1ef1c \u0111i\u00eau kh\u1eafc g\u1ed7 ngh\u1ec7 thu\u1eadt. C\u00e1c gi\u1ea3i th\u01b0\u1edfng n\u00e0y kh\u00f4ng ch\u1ec9 l\u00e0 ni\u1ec1m t\u1ef1 h\u00e0o m\u00e0 c\u00f2n l\u00e0 \u0111\u1ed9ng l\u1ef1c \u0111\u1ec3 ch\u00fang t\u00f4i kh\u00f4ng ng\u1eebng ph\u00e1t tri\u1ec3n v\u00e0 n\u00e2ng cao ch\u1ea5t l\u01b0\u1ee3ng s\u1ea3n ph\u1ea9m.<\/p>\n","protected":false},"excerpt":{"rendered":"<p>C\u01a1 S\u1edf \u0110i\u00eau Kh\u1eafc G\u1ed7 Ngh\u1ec7 Thu\u1eadt L\u1ea1c Vi\u1ec7t t\u1ef1 h\u00e0o l\u00e0 m\u1ed9t trong nh\u1eefng \u0111\u01a1n v\u1ecb ti\u00ean phong trong l\u0129nh v\u1ef1c \u0111i\u00eau kh\u1eafc g\u1ed7 ngh\u1ec7 thu\u1eadt t\u1ea1i Vi\u1ec7t Nam. N\u1eb1m t\u1ea1i X\u00e3 \u0110i\u1ec7n Phong, Huy\u1ec7n \u0110i\u1ec7n B\u00e0n, T\u1ec9nh Qu\u1ea3ng Nam, L\u1ea1c Vi\u1ec7t \u0111\u00e3 kh\u1eb3ng \u0111\u1ecbnh v\u1ecb th\u1ebf c\u1ee7a m\u00ecnh qua nh\u1eefng t\u00e1c ph\u1ea9m \u0111\u1ed9c [&hellip;]<\/p>\n","protected":false},"author":2,"featured_media":0,"parent":0,"menu_order":0,"comment_status":"closed","ping_status":"closed","template":"","meta":{"ocean_post_layout":"","ocean_both_sidebars_style":"","ocean_both_sidebars_content_width":0,"ocean_both_sidebars_sidebars_width":0,"ocean_sidebar":"","ocean_second_sidebar":"","ocean_disable_margins":"enable","ocean_add_body_class":"","ocean_shortcode_before_top_bar":"","ocean_shortcode_after_top_bar":"","ocean_shortcode_before_header":"","ocean_shortcode_after_header":"","ocean_has_shortcode":"","ocean_shortcode_after_title":"","ocean_shortcode_before_footer_widgets":"","ocean_shortcode_after_footer_widgets":"","ocean_shortcode_before_footer_bottom":"","ocean_shortcode_after_footer_bottom":"","ocean_display_top_bar":"default","ocean_display_header":"default","ocean_header_style":"","ocean_center_header_left_menu":"","ocean_custom_header_template":"","ocean_custom_logo":0,"ocean_custom_retina_logo":0,"ocean_custom_logo_max_width":0,"ocean_custom_logo_tablet_max_width":0,"ocean_custom_logo_mobile_max_width":0,"ocean_custom_logo_max_height":0,"ocean_custom_logo_tablet_max_height":0,"ocean_custom_logo_mobile_max_height":0,"ocean_header_custom_menu":"","ocean_menu_typo_font_family":"","ocean_menu_typo_font_subset":"","ocean_menu_typo_font_size":0,"ocean_menu_typo_font_size_tablet":0,"ocean_menu_typo_font_size_mobile":0,"ocean_menu_typo_font_size_unit":"px","ocean_menu_typo_font_weight":"","ocean_menu_typo_font_weight_tablet":"","ocean_menu_typo_font_weight_mobile":"","ocean_menu_typo_transform":"","ocean_menu_typo_transform_tablet":"","ocean_menu_typo_transform_mobile":"","ocean_menu_typo_line_height":0,"ocean_menu_typo_line_height_tablet":0,"ocean_menu_typo_line_height_mobile":0,"ocean_menu_typo_line_height_unit":"","ocean_menu_typo_spacing":0,"ocean_menu_typo_spacing_tablet":0,"ocean_menu_typo_spacing_mobile":0,"ocean_menu_typo_spacing_unit":"","ocean_menu_link_color":"","ocean_menu_link_color_hover":"","ocean_menu_link_color_active":"","ocean_menu_link_background":"","ocean_menu_link_hover_background":"","ocean_menu_link_active_background":"","ocean_menu_social_links_bg":"","ocean_menu_social_hover_links_bg":"","ocean_menu_social_links_color":"","ocean_menu_social_hover_links_color":"","ocean_disable_title":"default","ocean_disable_heading":"default","ocean_post_title":"","ocean_post_subheading":"","ocean_post_title_style":"","ocean_post_title_background_color":"","ocean_post_title_background":0,"ocean_post_title_bg_image_position":"","ocean_post_title_bg_image_attachment":"","ocean_post_title_bg_image_repeat":"","ocean_post_title_bg_image_size":"","ocean_post_title_height":0,"ocean_post_title_bg_overlay":0.5,"ocean_post_title_bg_overlay_color":"","ocean_disable_breadcrumbs":"default","ocean_breadcrumbs_color":"","ocean_breadcrumbs_separator_color":"","ocean_breadcrumbs_links_color":"","ocean_breadcrumbs_links_hover_color":"","ocean_display_footer_widgets":"default","ocean_display_footer_bottom":"default","ocean_custom_footer_template":"","footnotes":""},"class_list":["post-817","page","type-page","status-publish","hentry","entry"],"_links":{"self":[{"href":"https:\/\/golacviet.com\/index.php?rest_route=\/wp\/v2\/pages\/817","targetHints":{"allow":["GET"]}}],"collection":[{"href":"https:\/\/golacviet.com\/index.php?rest_route=\/wp\/v2\/pages"}],"about":[{"href":"https:\/\/golacviet.com\/index.php?rest_route=\/wp\/v2\/types\/page"}],"author":[{"embeddable":true,"href":"https:\/\/golacviet.com\/index.php?rest_route=\/wp\/v2\/users\/2"}],"replies":[{"embeddable":true,"href":"https:\/\/golacviet.com\/index.php?rest_route=%2Fwp%2Fv2%2Fcomments&post=817"}],"version-history":[{"count":4,"href":"https:\/\/golacviet.com\/index.php?rest_route=\/wp\/v2\/pages\/817\/revisions"}],"predecessor-version":[{"id":828,"href":"https:\/\/golacviet.com\/index.php?rest_route=\/wp\/v2\/pages\/817\/revisions\/828"}],"wp:attachment":[{"href":"https:\/\/golacviet.com\/index.php?rest_route=%2Fwp%2Fv2%2Fmedia&parent=817"}],"curies":[{"name":"wp","href":"https:\/\/api.w.org\/{rel}","templated":true}]}}